{"id":12,"date":"2013-05-31T11:57:37","date_gmt":"2013-05-31T11:57:37","guid":{"rendered":"http:\/\/impreza.us-themes.net\/pages\/about\/"},"modified":"2021-02-04T18:04:19","modified_gmt":"2021-02-04T17:04:19","slug":"about","status":"publish","type":"page","link":"https:\/\/mazzarese.fr\/index.php\/about\/","title":{"rendered":"L&rsquo;agence"},"content":{"rendered":"<section class=\"l-section wpb_row height_medium color_primary with_img with_overlay\"><div class=\"l-section-img\" style=\"background-image: url(https:\/\/mazzarese.fr\/wp-content\/uploads\/2020\/10\/hh.jpg);\" data-img-width=\"1920\" data-img-height=\"803\"><\/div><div class=\"l-section-overlay\" style=\"background-color: rgba(0,0,0,0.52)\"><\/div><div class=\"l-section-h i-cf\"><div class=\"g-cols offset_small\"><div class=\"vc_col-sm-12 wpb_column vc_column_container\"><div class=\"vc_column-inner\"><div class=\"w-separator type_invisible size_huge thick_1 style_solid color_border cont_none\"><span class=\"w-separator-h\"><\/span><\/div><div class=\"w-separator type_invisible size_huge thick_1 style_solid color_border cont_none\"><span class=\"w-separator-h\"><\/span><\/div><\/div><\/div><\/div><\/div><\/section><section class=\"l-section wpb_row height_medium with_img with_overlay\"><div class=\"l-section-img\" style=\"background-image: url(https:\/\/mazzarese.fr\/wp-content\/uploads\/2020\/10\/agence.png);background-position: top center;background-repeat: no-repeat;background-size: contain;\" data-img-width=\"1920\" data-img-height=\"292\"><\/div><div class=\"l-section-overlay\" style=\"background-color: rgba(255,255,255,0.48)\"><\/div><div class=\"l-section-h i-cf\"><div class=\"g-cols offset_small\"><div class=\"vc_col-sm-6 wpb_column vc_column_container animate_afl\"><div class=\"vc_column-inner\"><div class=\"w-separator type_invisible size_huge thick_1 style_solid color_border cont_none\"><span class=\"w-separator-h\"><\/span><\/div><div class=\"wpb_text_column \"><div class=\"wpb_wrapper\">\n<blockquote>\n<h2 style=\"text-align: justify;\"><strong>MAZZARESE<\/strong> ARCHITECTES<\/h2>\n<\/blockquote>\n<p style=\"text-align: justify;\"><strong>MAZZARESE ARCHITECTES<\/strong> a \u00e9t\u00e9 fond\u00e9e en 2011 par Gr\u00e9gory MAZZARESE, Implant\u00e9e initialement dans la r\u00e9gion sud, l\u2019agence qui a voulu r\u00e9pondre au mieux aux attentes et besoins de ses clients a ouvert une agence en r\u00e9gion parisienne.<\/p>\n<p style=\"text-align: justify;\">L\u2019agence, regroup\u00e9e autour de Gr\u00e9gory MAZZARESE, Architecte HMONP Dipl\u00f4m\u00e9 de l\u2019\u00c9cole Nationale Sup\u00e9rieure d\u2019Architecture de Paris Val de Seine, est une \u00e9quipe d\u2019architectes, d\u2019urbanistes, de designers, de graphistes, de conducteurs d\u2019op\u00e9ration, d\u2019\u00e9conomistes, et d\u2019un p\u00f4le de gestion, permettant d\u2019intervenir \u00e0 toutes les phases du projet.<\/p>\n<p style=\"text-align: justify;\">L\u2019exp\u00e9rience de MAZZARESE ARCHITECTES s\u2019est affirm\u00e9e par la r\u00e9alisation de nombreux programmes immobiliers dans les secteurs priv\u00e9s et publics (habitations, enseignements, \u00e9tablissements m\u00e9dico-sociaux, bureaux, h\u00f4tels, locaux d&rsquo;activit\u00e9s, commerces, am\u00e9nagements divers&#8230;).<\/p>\n<p style=\"text-align: justify;\">MAZZARESE a pour philosophie de produire une architecture de qualit\u00e9, en s\u2019attachant autant \u00e0 l\u2019esth\u00e9tisme de la r\u00e9alisation qu\u2019\u00e0 sa fonctionnalit\u00e9. En plein d\u00e9veloppement l\u2019agence a su garder un esprit humain et familiale qu\u2019il l\u2019a d\u00e9fini depuis ces dix ann\u00e9es. L\u2019agence attache de l\u2019importance \u00e0 la qualit\u00e9 relationnelle ainsi qu\u2019\u00e0 la confiance entre ces clients et ces multiples collaborateurs.<\/p>\n<\/div> <\/div> <div class=\"w-separator type_default size_small thick_1 style_solid color_border cont_none\"><span class=\"w-separator-h\"><\/span><\/div><div class=\"wpb_text_column \"><div class=\"wpb_wrapper\"><p>Aupr\u00e8s de Ma\u00eetres d\u2019Ouvrage publics ou priv\u00e9s, l\u2019agence int\u00e8gre son dynamisme, sa cr\u00e9ativit\u00e9 et sa sensibilit\u00e9 au contexte, au respect des normes en vigueur et des pr\u00e9occupations actuelles telles que le d\u00e9veloppement durable, sans sacrifier au confort d\u2019utilisation. Son d\u00e9sir d\u2019offrir une qualit\u00e9 architecturale et technique en harmonie avec son environnement est une pr\u00e9occupation majeure dans la conception de ses projets.<\/p><\/div> <\/div> <div class=\"wpb_text_column \"><div class=\"wpb_wrapper\"><p>A la pointe de l\u2019innovation, en respect de l\u2019environnement, dans un esprit de cr\u00e9ation, l\u2019agence MAZZARESE ARCHITECTES cr\u00e9e la ville de demain.<\/p><\/div> <\/div> <\/div><\/div><div class=\"vc_col-sm-6 wpb_column vc_column_container animate_afr\"><div class=\"vc_column-inner\"><div class=\"w-separator type_invisible size_huge thick_1 style_solid color_border cont_none\"><span class=\"w-separator-h\"><\/span><\/div><div class=\"w-image align_right animate_afr d3\"><div class=\"us-frame\"><img loading=\"lazy\" decoding=\"async\" width=\"933\" height=\"603\" src=\"https:\/\/mazzarese.fr\/wp-content\/uploads\/2021\/01\/propos-3.png\" class=\"attachment-large size-large\" alt=\"\" srcset=\"https:\/\/mazzarese.fr\/wp-content\/uploads\/2021\/01\/propos-3.png 933w, https:\/\/mazzarese.fr\/wp-content\/uploads\/2021\/01\/propos-3-300x194.png 300w, https:\/\/mazzarese.fr\/wp-content\/uploads\/2021\/01\/propos-3-768x496.png 768w, https:\/\/mazzarese.fr\/wp-content\/uploads\/2021\/01\/propos-3-600x388.png 600w\" sizes=\"auto, (max-width: 933px) 100vw, 933px\" \/><\/div><\/div><div class=\"w-socials align_right style_desaturated index_1\" style=\"font-size: 19px;\"><div class=\"w-socials-list\"><div class=\"w-socials-item email\">\n\t\t\t\t<a class=\"w-socials-item-link\" target=\"_blank\" href=\"mailto:gregory@mazzarese.fr\">\n\t\t\t\t\t<span class=\"w-socials-item-link-hover\"><\/span>\n\t\t\t\t<\/a>\n\t\t\t\t<div class=\"w-socials-item-popup\">\n\t\t\t\t\t<span>Email<\/span>\n\t\t\t\t<\/div>\n\t\t\t<\/div><div class=\"w-socials-item facebook\">\n\t\t\t\t<a class=\"w-socials-item-link\" target=\"_blank\" href=\"https:\/\/www.facebook.com\/MAZZARESE-ARCHITECTES-219474964773908\">\n\t\t\t\t\t<span class=\"w-socials-item-link-hover\"><\/span>\n\t\t\t\t<\/a>\n\t\t\t\t<div class=\"w-socials-item-popup\">\n\t\t\t\t\t<span>Facebook<\/span>\n\t\t\t\t<\/div>\n\t\t\t<\/div><div class=\"w-socials-item linkedin\">\n\t\t\t\t<a class=\"w-socials-item-link\" target=\"_blank\" href=\"https:\/\/www.linkedin.com\/in\/gregory-mazzarese-35241798\/\">\n\t\t\t\t\t<span class=\"w-socials-item-link-hover\"><\/span>\n\t\t\t\t<\/a>\n\t\t\t\t<div class=\"w-socials-item-popup\">\n\t\t\t\t\t<span>LinkedIn<\/span>\n\t\t\t\t<\/div>\n\t\t\t<\/div><div class=\"w-socials-item instagram\">\n\t\t\t\t<a class=\"w-socials-item-link\" target=\"_blank\" href=\"https:\/\/www.instagram.com\/mazzaresearchitectes\/?hl=fr\">\n\t\t\t\t\t<span class=\"w-socials-item-link-hover\"><\/span>\n\t\t\t\t<\/a>\n\t\t\t\t<div class=\"w-socials-item-popup\">\n\t\t\t\t\t<span>Instagram<\/span>\n\t\t\t\t<\/div>\n\t\t\t<\/div><\/div><\/div><div class=\"w-separator type_invisible size_medium thick_1 style_solid color_border cont_none\"><span class=\"w-separator-h\"><\/span><\/div><div class=\"wpb_text_column \"><div class=\"wpb_wrapper\"><strong>MAZZARESE ARCHITECTES<\/strong> poss\u00e8de des moyens performants lui permettant de r\u00e9pondre aux attentes de ses clients. L\u2019agence travaille en collaboration avec diff\u00e9rents intervenants (\u00e9conomistes, bureaux d\u2019\u00e9tudes techniques, consultants, entreprises\u2026),<\/p>\n<p><em>L\u2019ensemble des collaborateurs est form\u00e9 au logiciel BIM <\/em><em>tels ArchiCAD\u00ae,<\/em><em>. Les atouts du BIM permettent de disposer en temps r\u00e9el des donn\u00e9es cl\u00e9s du projet, ainsi que la visualisation 3D au fil de l\u2019avancement des \u00e9tudes. <\/em><em>La mod\u00e9lisation offre des avantages suppl\u00e9mentaires d\u00e9terminants d\u00e8s le d\u00e9but du projet. <\/em><\/p>\n<p>L\u2019agence a form\u00e9 ces collaborateurs \u00e0 l\u2019utilisation du logiciel Lumion qui est actuellement l\u2019un des meilleurs logiciels de vid\u00e9o, ceci permet aux clients de se projeter visuellement dans leur futur projet.<\/div> <\/div> <\/div><\/div><\/div><\/div><\/section><section class=\"l-section wpb_row height_medium with_img\"><div class=\"l-section-img\" style=\"background-image: url(https:\/\/mazzarese.fr\/wp-content\/uploads\/2020\/10\/zd.jpg);\" data-img-width=\"1920\" data-img-height=\"1184\"><\/div><div class=\"l-section-h i-cf\"><div class=\"g-cols offset_small\"><div class=\"vc_col-sm-12 wpb_column vc_column_container\"><div class=\"vc_column-inner\"><div class=\"wpb_text_column \"><div class=\"wpb_wrapper\">\n<h2 style=\"text-align: center;\">L&rsquo;\u00e9quipe<\/h2>\n<\/div> <\/div> <div class=\"w-separator type_invisible size_medium thick_1 style_solid color_border cont_none\"><span class=\"w-separator-h\"><\/span><\/div><div class=\"g-cols wpb_row offset_small vc_inner \"><div class=\"vc_col-sm-3 wpb_column vc_column_container animate_afc\"><div class=\"vc_column-inner\"><div class=\"w-person layout_circle with_icons\" itemscope=\"itemscope\" itemtype=\"https:\/\/schema.org\/Person\"><div class=\"w-person-image\"><img loading=\"lazy\" decoding=\"async\" src=\"https:\/\/mazzarese.fr\/wp-content\/uploads\/2021\/01\/GREGORY-MAZZARESE-350x350.jpg\" width=\"350\" height=\"350\" alt=\"Gr\u00e9gory MAZZARESE\" itemprop=\"image\"><div class=\"w-person-links\"><div class=\"w-person-links-list\"><a class=\"w-person-links-item\" href=\"https:\/\/www.facebook.com\/gregory.mazzarese\/\" target=\"_blank\"><i class=\"fa fa-facebook\"><\/i><\/a><a class=\"w-person-links-item\" href=\"https:\/\/www.linkedin.com\/in\/gregory-mazzarese-35241798\/\" target=\"_blank\"><i class=\"fa fa-linkedin\"><\/i><\/a><\/div><\/div><\/div><div class=\"w-person-content\"><h4 class=\"w-person-name\" itemprop=\"name\"><span>Gr\u00e9gory MAZZARESE<\/span><\/h4><div class=\"w-person-role\" itemprop=\"jobTitle\">Architecte HMONP dipl\u00f4m\u00e9 d\u2019\u00e9tat<\/div><div class=\"w-person-description\" itemprop=\"description\">G\u00e9rant de l\u2019agence MAZZARESE ARCHITECTES<\/p>\n<\/div><\/div><\/div><\/div><\/div><div class=\"vc_col-sm-3 wpb_column vc_column_container animate_afc d1\"><div class=\"vc_column-inner\"><div class=\"w-person layout_circle\" itemscope=\"itemscope\" itemtype=\"https:\/\/schema.org\/Person\"><div class=\"w-person-image\"><img loading=\"lazy\" decoding=\"async\" src=\"https:\/\/mazzarese.fr\/wp-content\/uploads\/2021\/01\/CHARLOTTE-MOAL-350x350.jpg\" width=\"350\" height=\"350\" alt=\"Charlotte MOAL\" itemprop=\"image\"><\/div><div class=\"w-person-content\"><h4 class=\"w-person-name\" itemprop=\"name\"><span>Charlotte MOAL<\/span><\/h4><div class=\"w-person-role\" itemprop=\"jobTitle\">Architecte Dipl\u00f4m\u00e9e d\u2019Etat<\/div><div class=\"w-person-description\" itemprop=\"description\">Designer d\u2019Espace<\/p>\n<\/div><\/div><\/div><\/div><\/div><div class=\"vc_col-sm-3 wpb_column vc_column_container animate_afc d2\"><div class=\"vc_column-inner\"><div class=\"w-person layout_circle\" itemscope=\"itemscope\" itemtype=\"https:\/\/schema.org\/Person\"><div class=\"w-person-image\"><img loading=\"lazy\" decoding=\"async\" src=\"https:\/\/mazzarese.fr\/wp-content\/uploads\/2021\/01\/MARTIN-LECLERCQ-350x350.jpg\" width=\"350\" height=\"350\" alt=\"Martin LECLERCQ\" itemprop=\"image\"><\/div><div class=\"w-person-content\"><h4 class=\"w-person-name\" itemprop=\"name\"><span>Martin LECLERCQ<\/span><\/h4><div class=\"w-person-role\" itemprop=\"jobTitle\">architecte Dipl\u00f4m\u00e9 d\u2019Etat<\/div><\/div><\/div><\/div><\/div><div class=\"vc_col-sm-3 wpb_column vc_column_container animate_afc d2\"><div class=\"vc_column-inner\"><div class=\"w-person layout_circle\" itemscope=\"itemscope\" itemtype=\"https:\/\/schema.org\/Person\"><div class=\"w-person-image\"><img loading=\"lazy\" decoding=\"async\" src=\"https:\/\/mazzarese.fr\/wp-content\/uploads\/2021\/01\/LAURENT-AIME-350x350.jpg\" width=\"350\" height=\"350\" alt=\"Laurent AIM\u00c9\" itemprop=\"image\"><\/div><div class=\"w-person-content\"><h4 class=\"w-person-name\" itemprop=\"name\"><span>Laurent AIM\u00c9<\/span><\/h4><div class=\"w-person-role\" itemprop=\"jobTitle\">architecte Dipl\u00f4m\u00e9 d\u2019Etat<\/div><\/div><\/div><\/div><\/div><\/div><div class=\"w-separator type_invisible size_medium thick_1 style_solid color_border cont_none\"><span class=\"w-separator-h\"><\/span><\/div><div class=\"g-cols wpb_row offset_small vc_inner \"><div class=\"vc_col-sm-3 wpb_column vc_column_container animate_afc\"><div class=\"vc_column-inner\"><div class=\"w-person layout_circle\" itemscope=\"itemscope\" itemtype=\"https:\/\/schema.org\/Person\"><div class=\"w-person-image\"><img loading=\"lazy\" decoding=\"async\" src=\"https:\/\/mazzarese.fr\/wp-content\/uploads\/2021\/01\/JEREMY-BIAUSQUE-350x350.jpg\" width=\"350\" height=\"350\" alt=\"J\u00e9r\u00e9my BIAUSQUE\" itemprop=\"image\"><\/div><div class=\"w-person-content\"><h4 class=\"w-person-name\" itemprop=\"name\"><span>J\u00e9r\u00e9my BIAUSQUE<\/span><\/h4><div class=\"w-person-role\" itemprop=\"jobTitle\">Collaborateur d\u2019architectes, projeteur<\/div><\/div><\/div><\/div><\/div><div class=\"vc_col-sm-3 wpb_column vc_column_container animate_afc d1\"><div class=\"vc_column-inner\"><div class=\"w-person layout_circle\" itemscope=\"itemscope\" itemtype=\"https:\/\/schema.org\/Person\"><div class=\"w-person-image\"><img loading=\"lazy\" decoding=\"async\" src=\"https:\/\/mazzarese.fr\/wp-content\/uploads\/2021\/01\/LUCAS-LAFAYSSES-350x350.jpg\" width=\"350\" height=\"350\" alt=\"Lucas LAFA\u0178SSE\" itemprop=\"image\"><\/div><div class=\"w-person-content\"><h4 class=\"w-person-name\" itemprop=\"name\"><span>Lucas LAFA\u0178SSE<\/span><\/h4><div class=\"w-person-role\" itemprop=\"jobTitle\">Ma\u00eetre d\u2019\u0153uvre<\/div><\/div><\/div><\/div><\/div><div class=\"vc_col-sm-3 wpb_column vc_column_container animate_afc d2\"><div class=\"vc_column-inner\"><div class=\"w-person layout_circle\" itemscope=\"itemscope\" itemtype=\"https:\/\/schema.org\/Person\"><div class=\"w-person-image\"><img loading=\"lazy\" decoding=\"async\" src=\"https:\/\/mazzarese.fr\/wp-content\/uploads\/2021\/01\/VIOLAINE-MAZZARESE-350x350.jpg\" width=\"350\" height=\"350\" alt=\"Violaine MAZZARESE\" itemprop=\"image\"><\/div><div class=\"w-person-content\"><h4 class=\"w-person-name\" itemprop=\"name\"><span>Violaine MAZZARESE<\/span><\/h4><div class=\"w-person-role\" itemprop=\"jobTitle\">Assistante de direction<\/div><\/div><\/div><\/div><\/div><div class=\"vc_col-sm-3 wpb_column vc_column_container animate_afc d3\"><div class=\"vc_column-inner\"><div class=\"w-person layout_circle\" itemscope=\"itemscope\" itemtype=\"https:\/\/schema.org\/Person\"><div class=\"w-person-image\"><img loading=\"lazy\" decoding=\"async\" src=\"https:\/\/mazzarese.fr\/wp-content\/uploads\/2021\/01\/NATHALIE-VOLLA-350x350.jpg\" width=\"350\" height=\"350\" alt=\"Nathalie VOLLA\" itemprop=\"image\"><\/div><div class=\"w-person-content\"><h4 class=\"w-person-name\" itemprop=\"name\"><span>Nathalie VOLLA<\/span><\/h4><div class=\"w-person-role\" itemprop=\"jobTitle\">Assistante administrative<\/div><\/div><\/div><\/div><\/div><\/div><\/div><\/div><\/div><\/div><\/section><section class=\"l-section wpb_row height_medium\"><div class=\"l-section-h i-cf\"><div class=\"g-cols offset_small\"><div class=\"vc_col-sm-8 wpb_column vc_column_container\"><div class=\"vc_column-inner\"><div class=\"w-tabs layout_default accordion title_left icon_chevron iconpos_right \"><div class=\"w-tabs-list items_1\"><div class=\"w-tabs-list-h\"><div class=\"w-tabs-item active with_icon\"><a href=\"#1603900945405-9afc1a12-5bf0\" class=\"w-tabs-item-h\"><i class=\"fa fa-plus\"><\/i><span class=\"w-tabs-item-title\">Depuis 2011<\/span><\/a><\/div>\n<\/div><\/div><div class=\"w-tabs-sections\"><div class=\"w-tabs-sections-h\"><div class=\"w-tabs-section with_icon active\" id=\"1603900945405-9afc1a12-5bf0\"><a href=\"#1603900945405-9afc1a12-5bf0\" class=\"w-tabs-section-header\"><div class=\"w-tabs-section-header-h\"><i class=\"fa fa-plus\"><\/i><h5 class=\"w-tabs-section-title\">Depuis 2011<\/h5><div class=\"w-tabs-section-control\"><\/div><\/div><\/a><div class=\"w-tabs-section-content\"><div class=\"w-tabs-section-content-h i-cf\"><div class=\"g-cols wpb_row offset_small vc_inner \"><div class=\"vc_col-sm-6 wpb_column vc_column_container\"><div class=\"vc_column-inner\"><div class=\"wpb_text_column \"><div class=\"wpb_wrapper\">\n<ul>\n<li>BANC Anais<\/li>\n<li>BANCHINI Maxime<\/li>\n<li>BOTTERO Yoann<\/li>\n<li>CAILLET Oc\u00e9ane<\/li>\n<li>CARUANA Sylvain<\/li>\n<li>DERVILEE Fabien<\/li>\n<\/ul>\n<\/div> <\/div> <\/div><\/div><div class=\"vc_col-sm-6 wpb_column vc_column_container\"><div class=\"vc_column-inner\"><div class=\"wpb_text_column \"><div class=\"wpb_wrapper\">\n<ul>\n<li>LLOPIS Gabrielle<\/li>\n<li>PAUNGGER Elisa<\/li>\n<li>PINNA Jessica<\/li>\n<li>RAFFOURT R\u00e9my<\/li>\n<li>SCHERWOOD Caroline<\/li>\n<\/ul>\n<\/div> <\/div> <\/div><\/div><\/div><\/div><\/div><\/div><\/div><\/div><\/div><\/div><\/div><div class=\"vc_col-sm-4 wpb_column vc_column_container animate_afr d2\"><div class=\"vc_column-inner\"><div class=\"w-image\"><div class=\"us-frame\"><img loading=\"lazy\" decoding=\"async\" width=\"800\" height=\"579\" src=\"https:\/\/mazzarese.fr\/wp-content\/uploads\/2021\/01\/agence.jpg\" class=\"attachment-large size-large\" alt=\"\" srcset=\"https:\/\/mazzarese.fr\/wp-content\/uploads\/2021\/01\/agence.jpg 800w, https:\/\/mazzarese.fr\/wp-content\/uploads\/2021\/01\/agence-300x217.jpg 300w, https:\/\/mazzarese.fr\/wp-content\/uploads\/2021\/01\/agence-768x556.jpg 768w, https:\/\/mazzarese.fr\/wp-content\/uploads\/2021\/01\/agence-600x434.jpg 600w\" sizes=\"auto, (max-width: 800px) 100vw, 800px\" \/><\/div><\/div><\/div><\/div><\/div><\/div><\/section><section class=\"l-section wpb_row height_medium color_secondary with_img\"><div class=\"l-section-img\" style=\"background-image: url(https:\/\/mazzarese.fr\/wp-content\/uploads\/2020\/10\/f.jpg);\" data-img-width=\"1920\" data-img-height=\"1099\"><\/div><div class=\"l-section-h i-cf\"><div class=\"g-cols offset_medium\"><div class=\"vc_col-sm-12 wpb_column vc_column_container\"><div class=\"vc_column-inner\"><div class=\"wpb_text_column \"><div class=\"wpb_wrapper\">\n<h2 style=\"text-align: center;\">Nos partenaires<\/h2>\n<\/div> <\/div> <div class=\"w-separator type_invisible size_medium thick_1 style_solid color_border cont_none\"><span class=\"w-separator-h\"><\/span><\/div><div class=\"w-logos style_2 nav_none type_carousel cols_6\"><div class=\"w-logos-list\" data-items=\"6\" data-autoplay=\"1\" data-timeout=\"2000\" data-nav=\"0\"><div class=\"w-logos-item\"><img loading=\"lazy\" decoding=\"async\" width=\"260\" height=\"129\" src=\"https:\/\/mazzarese.fr\/wp-content\/uploads\/2021\/01\/2.png\" class=\"attachment-medium size-medium\" alt=\"\" \/><\/div><div class=\"w-logos-item\"><img loading=\"lazy\" decoding=\"async\" width=\"260\" height=\"129\" src=\"https:\/\/mazzarese.fr\/wp-content\/uploads\/2021\/01\/3.png\" class=\"attachment-medium size-medium\" alt=\"\" \/><\/div><div class=\"w-logos-item\"><img loading=\"lazy\" decoding=\"async\" width=\"260\" height=\"129\" src=\"https:\/\/mazzarese.fr\/wp-content\/uploads\/2021\/01\/8.png\" class=\"attachment-medium size-medium\" alt=\"\" \/><\/div><div class=\"w-logos-item\"><img loading=\"lazy\" decoding=\"async\" width=\"260\" height=\"129\" src=\"https:\/\/mazzarese.fr\/wp-content\/uploads\/2021\/01\/6.png\" class=\"attachment-medium size-medium\" alt=\"\" \/><\/div><div class=\"w-logos-item\"><img loading=\"lazy\" decoding=\"async\" width=\"260\" height=\"129\" src=\"https:\/\/mazzarese.fr\/wp-content\/uploads\/2021\/01\/7.png\" class=\"attachment-medium size-medium\" alt=\"\" \/><\/div><div class=\"w-logos-item\"><img loading=\"lazy\" decoding=\"async\" width=\"260\" height=\"129\" src=\"https:\/\/mazzarese.fr\/wp-content\/uploads\/2021\/01\/4.png\" class=\"attachment-medium size-medium\" alt=\"\" \/><\/div><div class=\"w-logos-item\"><img loading=\"lazy\" decoding=\"async\" width=\"260\" height=\"129\" src=\"https:\/\/mazzarese.fr\/wp-content\/uploads\/2021\/01\/1.png\" class=\"attachment-medium size-medium\" alt=\"\" \/><\/div><div class=\"w-logos-item\"><img loading=\"lazy\" decoding=\"async\" width=\"260\" height=\"129\" src=\"https:\/\/mazzarese.fr\/wp-content\/uploads\/2021\/01\/9.png\" class=\"attachment-medium size-medium\" alt=\"\" \/><\/div><div class=\"w-logos-item\"><img loading=\"lazy\" decoding=\"async\" width=\"260\" height=\"129\" src=\"https:\/\/mazzarese.fr\/wp-content\/uploads\/2021\/01\/5.png\" class=\"attachment-medium size-medium\" alt=\"\" \/><\/div><\/div><\/div><div class=\"w-separator type_invisible size_medium thick_1 style_solid color_border cont_none\"><span class=\"w-separator-h\"><\/span><\/div><\/div><\/div><\/div><\/div><\/section><section class=\"l-section wpb_row height_medium color_secondary with_img\"><div class=\"l-section-img\" style=\"background-image: url(https:\/\/mazzarese.fr\/wp-content\/uploads\/2021\/01\/bot.jpg);\" data-img-width=\"1920\" data-img-height=\"459\"><\/div><div class=\"l-section-h i-cf\"><div class=\"g-cols offset_small\"><div class=\"vc_col-sm-12 wpb_column vc_column_container animate_fade\"><div class=\"vc_column-inner\"><div class=\"w-btn-wrapper align_center\"><a class=\"w-btn style_outlined color_primary icon_none\" href=\"https:\/\/mazzarese.ovh\/wp-content\/uploads\/2021\/02\/BOOK-MAZZARESE.pdf\" style=\"font-size: 20px;\"><span class=\"w-btn-label\">BOOK<\/span><\/a><\/div><\/div><\/div><\/div><\/div><\/section>\n","protected":false},"excerpt":{"rendered":"MAZZARESE ARCHITECTES MAZZARESE ARCHITECTES a \u00e9t\u00e9 fond\u00e9e en 2011 par Gr\u00e9gory MAZZARESE, Implant\u00e9e initialement dans...","protected":false},"author":1,"featured_media":0,"parent":0,"menu_order":0,"comment_status":"closed","ping_status":"closed","template":"","meta":{"footnotes":""},"class_list":["post-12","page","type-page","status-publish","hentry"],"_links":{"self":[{"href":"https:\/\/mazzarese.fr\/index.php\/wp-json\/wp\/v2\/pages\/12","targetHints":{"allow":["GET"]}}],"collection":[{"href":"https:\/\/mazzarese.fr\/index.php\/wp-json\/wp\/v2\/pages"}],"about":[{"href":"https:\/\/mazzarese.fr\/index.php\/wp-json\/wp\/v2\/types\/page"}],"author":[{"embeddable":true,"href":"https:\/\/mazzarese.fr\/index.php\/wp-json\/wp\/v2\/users\/1"}],"replies":[{"embeddable":true,"href":"https:\/\/mazzarese.fr\/index.php\/wp-json\/wp\/v2\/comments?post=12"}],"version-history":[{"count":0,"href":"https:\/\/mazzarese.fr\/index.php\/wp-json\/wp\/v2\/pages\/12\/revisions"}],"wp:attachment":[{"href":"https:\/\/mazzarese.fr\/index.php\/wp-json\/wp\/v2\/media?parent=12"}],"curies":[{"name":"wp","href":"https:\/\/api.w.org\/{rel}","templated":true}]}}