{"id":1437,"date":"2013-09-06T15:19:20","date_gmt":"2013-09-06T15:19:20","guid":{"rendered":"http:\/\/impreza.us-themes.net\/pages\/contact-2\/"},"modified":"2021-01-26T16:22:36","modified_gmt":"2021-01-26T15:22:36","slug":"contact-2","status":"publish","type":"page","link":"https:\/\/mazzarese.fr\/index.php\/contact-2\/","title":{"rendered":"Contact"},"content":{"rendered":"<section class=\"l-section wpb_row height_medium color_primary with_img parallax_ver with_overlay\"><div class=\"l-section-img\" style=\"background-image: url(https:\/\/mazzarese.fr\/wp-content\/uploads\/2020\/10\/top-top.jpg);\" data-img-width=\"1920\" data-img-height=\"900\"><\/div><div class=\"l-section-overlay\" style=\"background-color: rgba(0,0,0,0.55)\"><\/div><div class=\"l-section-h i-cf\"><div class=\"g-cols offset_small\"><div class=\"vc_col-sm-12 wpb_column vc_column_container\"><div class=\"vc_column-inner\"><div class=\"w-separator type_invisible size_huge thick_1 style_solid color_border cont_none\"><span class=\"w-separator-h\"><\/span><\/div><div class=\"w-separator type_invisible size_huge thick_1 style_solid color_border cont_none\"><span class=\"w-separator-h\"><\/span><\/div><\/div><\/div><\/div><\/div><\/section><section class=\"l-section wpb_row height_medium with_img with_overlay\"><div class=\"l-section-img\" style=\"background-image: url(https:\/\/mazzarese.fr\/wp-content\/uploads\/2020\/10\/top-contact.png);background-position: top center;background-repeat: no-repeat;background-size: contain;\" data-img-width=\"1920\" data-img-height=\"292\"><\/div><div class=\"l-section-overlay\" style=\"background-color: rgba(255,255,255,0.5)\"><\/div><div class=\"l-section-h i-cf\"><div class=\"g-cols offset_large\"><div class=\"vc_col-sm-6 wpb_column vc_column_container\"><div class=\"vc_column-inner\"><div class=\"w-separator type_invisible size_large thick_1 style_solid color_border cont_none\"><span class=\"w-separator-h\"><\/span><\/div><div class=\"wpb_text_column \"><div class=\"wpb_wrapper\"><iframe loading=\"lazy\" style=\"border: 0;\" tabindex=\"0\" src=\"https:\/\/www.google.com\/maps\/embed?pb=!1m18!1m12!1m3!1d1873.0825510163893!2d7.046332915233455!3d43.61303357440453!2m3!1f0!2f0!3f0!3m2!1i1024!2i768!4f13.1!3m3!1m2!1s0x12cc2bab030f0339%3A0xc28e7174c0f6d5e5!2s80%20Route%20des%20Lucioles%2C%2006560%20Valbonne!5e0!3m2!1sfr!2sfr!4v1610453956682!5m2!1sfr!2sfr\" width=\"800\" height=\"600\" frameborder=\"0\" allowfullscreen=\"allowfullscreen\" aria-hidden=\"false\"><\/iframe><\/div> <\/div> <\/div><\/div><div class=\"vc_col-sm-6 wpb_column vc_column_container\"><div class=\"vc_column-inner\"><div class=\"w-separator type_invisible size_large thick_1 style_solid color_border cont_none\"><span class=\"w-separator-h\"><\/span><\/div><div class=\"wpb_text_column \"><div class=\"wpb_wrapper\">\n<blockquote>\n<h4><strong>NOUS <\/strong>CONTACTER<\/h4>\n<\/blockquote>\n<p>Vous cherchez une \u00e9quipe pour collaborer et travailler\u00a0! N\u2019h\u00e9sitez pas \u00e0 nous contacter.<\/div> <\/div> <div class=\"w-form for_cform align_left\" id=\"us_form_1\">\n\t<form class=\"w-form-h\" autocomplete=\"off\" action=\"https:\/\/mazzarese.fr\/index.php\/wp-json\/wp\/v2\/pages\/1437\" method=\"post\">\n\t\t\t\t\t\t\t<div class=\"w-form-row for_name required\">\n\t<div class=\"w-form-row-label\">\n\t\t<label for=\"us_form_1_name\"><\/label>\n\t<\/div>\n\t<div class=\"w-form-row-field\">\n\t\t\t\t<input type=\"text\" name=\"name\" id=\"us_form_1_name\" value=\"\"\n\t\t       placeholder=\"Nom *\" data-required=\"true\" aria-required=\"true\"\/>\n\t\t<span class=\"w-form-row-field-bar\"><\/span>\n\t\t\t<\/div>\n\t<div class=\"w-form-row-state\"><\/div>\n\t<\/div>\n\t\t\t\t\t<div class=\"w-form-row for_email required\">\n\t<div class=\"w-form-row-label\">\n\t\t<label for=\"us_form_1_email\"><\/label>\n\t<\/div>\n\t<div class=\"w-form-row-field\">\n\t\t\t\t<input type=\"email\" name=\"email\" id=\"us_form_1_email\" value=\"\"\n\t\t       placeholder=\"Email *\" data-required=\"true\" aria-required=\"true\"\/>\n\t\t<span class=\"w-form-row-field-bar\"><\/span>\n\t\t\t<\/div>\n\t<div class=\"w-form-row-state\"><\/div>\n\t<\/div>\n\t\t\t\t\t<div class=\"w-form-row for_phone\">\n\t<div class=\"w-form-row-label\">\n\t\t<label for=\"us_form_1_phone\"><\/label>\n\t<\/div>\n\t<div class=\"w-form-row-field\">\n\t\t\t\t<input type=\"text\" name=\"phone\" id=\"us_form_1_phone\" value=\"\"\n\t\t       placeholder=\"Num\u00e9ro de t\u00e9l\u00e9phone\"\/>\n\t\t<span class=\"w-form-row-field-bar\"><\/span>\n\t\t\t<\/div>\n\t<div class=\"w-form-row-state\"><\/div>\n\t<\/div>\n\t\t\t\t\t<div class=\"w-form-row for_message required\">\n\t<div class=\"w-form-row-label\">\n\t\t<label for=\"us_form_1_message\"><\/label>\n\t<\/div>\n\t<div class=\"w-form-row-field\">\n\t\t\t\t<textarea name=\"message\" id=\"us_form_1_message\" cols=\"30\" rows=\"10\" placeholder=\"Message *\"\n\t\t\t data-required=\"true\" aria-required=\"true\"><\/textarea>\n\t\t<span class=\"w-form-row-field-bar\"><\/span>\n\t\t\t<\/div>\n\t<div class=\"w-form-row-state\"><\/div>\n\t<\/div>\n\t\t\t\t\t<div class=\"w-form-row for_captcha required\">\n\t<div class=\"w-form-row-label\">\n\t\t<label for=\"us_form_1_captcha\">Prouvez que vous \u00eates un \u00eatre humain, en r\u00e9solvant l'\u00e9quation, s'il vous pla\u00eet: <span>28 - 9 = ?<\/span><\/label>\n\t<\/div>\n\t<div class=\"w-form-row-field\">\n\t\t\t\t<input type=\"hidden\" name=\"captcha_hash\" value=\"33e3cf5b30d53dcb3726a7d3ef04a8d6\"\/>\n\t\t<input type=\"text\" name=\"captcha\" id=\"us_form_1_captcha\" value=\"\"\n\t\t       data-required=\"1\" placeholder=\"\" aria-required=\"true\" \/>\n\t\t<span class=\"w-form-row-field-bar\"><\/span>\n\t\t\t<\/div>\n\t<div class=\"w-form-row-state\"><\/div>\n\t<\/div>\n\t\t\t\t\t<input type=\"hidden\" name=\"action\" value=\"us_ajax_cform\"\/>\n\t\t\t\t\t<input type=\"hidden\" name=\"post_id\" value=\"1437\"\/>\n\t\t\t\t\t<input type=\"hidden\" name=\"form_index\" value=\"1\"\/>\n\t\t\t\t\t<div class=\"w-form-row for_submit\">\n\t<div class=\"w-form-row-field\">\n\t\t<button class=\"w-btn size_13px color_black style_solid\" type=\"submit\"><span class=\"g-preloader type_1\"><\/span><span class=\"w-btn-label\">ENVOYER<\/span><\/button>\n\t<\/div>\n<\/div>\n\t\t\t\t<div class=\"w-form-message\"><\/div>\n\t\t\t<\/form>\n\t\t\t<div class=\"w-form-json hidden\" onclick='return {&quot;ajaxurl&quot;:&quot;https:\\\/\\\/mazzarese.fr\\\/wp-admin\\\/admin-ajax.php&quot;,&quot;success&quot;:&quot;Merci ! Votre message vient d&#039;\\u00eatre envoy\\u00e9&quot;,&quot;errors&quot;:{&quot;name&quot;:&quot;Saisir votre nom, s&#039;il vous pla\\u00eet&quot;,&quot;email&quot;:&quot;Saisir votre email, s&#039;il vous pla\\u00eet&quot;,&quot;phone&quot;:&quot;Saisir votre num\\u00e9ro de t\\u00e9l\\u00e9phone, s&#039;il vous pla\\u00eet&quot;,&quot;message&quot;:&quot;Saisir votre message, s&#039;il vous pla\\u00eet&quot;,&quot;captcha&quot;:&quot;Saisir le r\\u00e9sultat de l\\u2019\\u00e9quation, s&#039;il vous pla\\u00eet&quot;}}'><\/div>\n\t<\/div>\n<\/div><\/div><\/div><\/div><\/section><section class=\"l-section wpb_row height_medium\"><div class=\"l-section-h i-cf\"><div class=\"g-cols offset_small\"><div class=\"vc_col-sm-12 wpb_column vc_column_container\"><div class=\"vc_column-inner\">[rev_slider_vc alias=\u00a0\u00bbcontact\u00a0\u00bb]<div class=\"w-separator type_invisible size_large thick_1 style_solid color_border cont_none\"><span class=\"w-separator-h\"><\/span><\/div><div class=\"g-cols wpb_row offset_small vc_inner \"><div class=\"vc_col-sm-3 wpb_column vc_column_container\"><div class=\"vc_column-inner\"><div class=\"w-counter size_medium color_text align_center\" data-initial=\"0\" data-target=\"10\" data-prefix=\"\" data-suffix=\"\">\n\t<div class=\"w-counter-h\">\n\t\t<div class=\"w-counter-number\">\n\t\t\t0\t\t<\/div>\n\t\t\t\t\t<h6 class=\"w-counter-title\">Ann\u00e9es d'exp\u00e9riences<\/h6>\n\t\t\t<\/div>\n<\/div>\n<\/div><\/div><div class=\"vc_col-sm-3 wpb_column vc_column_container\"><div class=\"vc_column-inner\"><div class=\"w-counter size_medium color_primary align_center\" data-initial=\"0\" data-target=\"86437\" data-prefix=\"\" data-suffix=\"\">\n\t<div class=\"w-counter-h\">\n\t\t<div class=\"w-counter-number\">\n\t\t\t0\t\t<\/div>\n\t\t\t\t\t<h6 class=\"w-counter-title\">Litres de caf\u00e9<\/h6>\n\t\t\t<\/div>\n<\/div>\n<\/div><\/div><div class=\"vc_col-sm-3 wpb_column vc_column_container\"><div class=\"vc_column-inner\"><div class=\"w-counter size_medium color_text align_center\" data-initial=\"0\" data-target=\"135\" data-prefix=\"\" data-suffix=\"\">\n\t<div class=\"w-counter-h\">\n\t\t<div class=\"w-counter-number\">\n\t\t\t0\t\t<\/div>\n\t\t\t\t\t<h6 class=\"w-counter-title\">Clients<\/h6>\n\t\t\t<\/div>\n<\/div>\n<\/div><\/div><div class=\"vc_col-sm-3 wpb_column vc_column_container\"><div class=\"vc_column-inner\"><div class=\"w-counter size_medium color_primary align_center\" data-initial=\"0\" data-target=\"285\" data-prefix=\"\" data-suffix=\"\">\n\t<div class=\"w-counter-h\">\n\t\t<div class=\"w-counter-number\">\n\t\t\t0\t\t<\/div>\n\t\t\t\t\t<h6 class=\"w-counter-title\">Projets<\/h6>\n\t\t\t<\/div>\n<\/div>\n<\/div><\/div><\/div><\/div><\/div><\/div><\/div><\/section>\n","protected":false},"excerpt":{"rendered":"NOUS CONTACTER Vous cherchez une \u00e9quipe pour collaborer et travailler\u00a0! N\u2019h\u00e9sitez pas \u00e0 nous contacter....","protected":false},"author":1,"featured_media":0,"parent":0,"menu_order":0,"comment_status":"closed","ping_status":"closed","template":"","meta":{"footnotes":""},"class_list":["post-1437","page","type-page","status-publish","hentry"],"_links":{"self":[{"href":"https:\/\/mazzarese.fr\/index.php\/wp-json\/wp\/v2\/pages\/1437","targetHints":{"allow":["GET"]}}],"collection":[{"href":"https:\/\/mazzarese.fr\/index.php\/wp-json\/wp\/v2\/pages"}],"about":[{"href":"https:\/\/mazzarese.fr\/index.php\/wp-json\/wp\/v2\/types\/page"}],"author":[{"embeddable":true,"href":"https:\/\/mazzarese.fr\/index.php\/wp-json\/wp\/v2\/users\/1"}],"replies":[{"embeddable":true,"href":"https:\/\/mazzarese.fr\/index.php\/wp-json\/wp\/v2\/comments?post=1437"}],"version-history":[{"count":0,"href":"https:\/\/mazzarese.fr\/index.php\/wp-json\/wp\/v2\/pages\/1437\/revisions"}],"wp:attachment":[{"href":"https:\/\/mazzarese.fr\/index.php\/wp-json\/wp\/v2\/media?parent=1437"}],"curies":[{"name":"wp","href":"https:\/\/api.w.org\/{rel}","templated":true}]}}