{"id":8,"date":"2013-05-31T08:44:43","date_gmt":"2013-05-31T08:44:43","guid":{"rendered":"http:\/\/impreza.us-themes.net\/"},"modified":"2021-02-22T13:31:47","modified_gmt":"2021-02-22T12:31:47","slug":"sample-page-2","status":"publish","type":"page","link":"https:\/\/mazzarese.fr\/","title":{"rendered":"Home"},"content":{"rendered":"<section class=\"l-section wpb_row height_auto width_full\"><div class=\"l-section-h i-cf\"><div class=\"g-cols offset_small\"><div class=\"vc_col-sm-12 wpb_column vc_column_container\"><div class=\"vc_column-inner\">[rev_slider_vc alias=\u00a0\u00bbhome11&Prime;]<\/div><\/div><\/div><\/div><\/section><section class=\"l-section wpb_row height_medium color_alternate\"><div class=\"l-section-h i-cf\"><div class=\"g-cols offset_small\"><div class=\"vc_col-sm-3 wpb_column vc_column_container animate_afc\"><div class=\"vc_column-inner\"><div class=\"w-counter size_medium color_text align_center\" data-initial=\"0\" data-target=\"10\" data-prefix=\"\" data-suffix=\"\">\n\t<div class=\"w-counter-h\">\n\t\t<div class=\"w-counter-number\">\n\t\t\t0\t\t<\/div>\n\t\t\t\t\t<h6 class=\"w-counter-title\">Ann\u00e9es d'exp\u00e9riences<\/h6>\n\t\t\t<\/div>\n<\/div>\n<\/div><\/div><div class=\"vc_col-sm-3 wpb_column vc_column_container animate_afc d1\"><div class=\"vc_column-inner\"><div class=\"w-counter size_medium color_primary align_center\" data-initial=\"0\" data-target=\"86437\" data-prefix=\"\" data-suffix=\"\">\n\t<div class=\"w-counter-h\">\n\t\t<div class=\"w-counter-number\">\n\t\t\t0\t\t<\/div>\n\t\t\t\t\t<h6 class=\"w-counter-title\">Litres de caf\u00e9<\/h6>\n\t\t\t<\/div>\n<\/div>\n<\/div><\/div><div class=\"vc_col-sm-3 wpb_column vc_column_container animate_afc d2\"><div class=\"vc_column-inner\"><div class=\"w-counter size_medium color_text align_center\" data-initial=\"0\" data-target=\"135+\" data-prefix=\"\" data-suffix=\"\">\n\t<div class=\"w-counter-h\">\n\t\t<div class=\"w-counter-number\">\n\t\t\t0\t\t<\/div>\n\t\t\t\t\t<h6 class=\"w-counter-title\">Clients<\/h6>\n\t\t\t<\/div>\n<\/div>\n<\/div><\/div><div class=\"vc_col-sm-3 wpb_column vc_column_container animate_afc d3\"><div class=\"vc_column-inner\"><div class=\"w-counter size_medium color_primary align_center\" data-initial=\"0\" data-target=\"285\" data-prefix=\"\" data-suffix=\"\">\n\t<div class=\"w-counter-h\">\n\t\t<div class=\"w-counter-number\">\n\t\t\t0\t\t<\/div>\n\t\t\t\t\t<h6 class=\"w-counter-title\">Projets<\/h6>\n\t\t\t<\/div>\n<\/div>\n<\/div><\/div><\/div><\/div><\/section><section class=\"l-section wpb_row height_small color_primary with_img with_overlay\" id=\"second\"><div class=\"l-section-img\" style=\"background-image: url(https:\/\/mazzarese.fr\/wp-content\/uploads\/2021\/01\/fond-3.jpg);\" data-img-width=\"1920\" data-img-height=\"800\"><\/div><div class=\"l-section-overlay\" style=\"background-color: rgba(0,0,0,0.77)\"><\/div><div class=\"l-section-h i-cf\"><div class=\"g-cols offset_small\"><div class=\"vc_col-sm-6 wpb_column vc_column_container animate_hfc d1\"><div class=\"vc_column-inner\"><div class=\"w-separator type_invisible size_large thick_1 style_solid color_border cont_none\"><span class=\"w-separator-h\"><\/span><\/div><div class=\"wpb_text_column \"><div class=\"wpb_wrapper\">\n<h2 style=\"text-align: justify;\"><span style=\"color: #f78f2e;\"><strong>MAZZARESE <\/strong><\/span>ARCHITECTES<\/h2>\n<p style=\"text-align: justify;\">Fond\u00e9e en 2011 par Gr\u00e9gory MAZZARESE, Implant\u00e9e initialement dans la r\u00e9gion sud, l\u2019agence qui a voulu r\u00e9pondre au mieux aux attentes et besoins de ses clients a ouvert une agence en r\u00e9gion parisienne.<\/p>\n<p style=\"text-align: justify;\">L\u2019agence, regroup\u00e9e autour de Gr\u00e9gory MAZZARESE, Architecte HMONP Dipl\u00f4m\u00e9 de l\u2019\u00c9cole Nationale Sup\u00e9rieure d\u2019Architecture de Paris Val de Seine, est une \u00e9quipe d\u2019architectes, d\u2019urbanistes, de designers, de graphistes, de conducteurs d\u2019op\u00e9ration, d\u2019\u00e9conomistes, et d\u2019un p\u00f4le de gestion, permettant d\u2019intervenir \u00e0 toutes les phases du projet.<\/p>\n<\/div> <\/div> <div class=\"w-separator type_invisible size_medium thick_1 style_solid color_border cont_none\"><span class=\"w-separator-h\"><\/span><\/div><div class=\"w-btn-wrapper align_left\"><a class=\"w-btn style_outlined color_white icon_atleft\" href=\"https:\/\/mazzarese.fr\/index.php\/about\/\" style=\"font-size: 14px;\"><i class=\"fa fa-star\"><\/i><span class=\"w-btn-label\">Qui sommes nous ?<\/span><\/a><\/div><\/div><\/div><div class=\"vc_col-sm-6 wpb_column vc_column_container animate_afb\"><div class=\"vc_column-inner\"><div class=\"w-image\"><div class=\"us-frame\"><img loading=\"lazy\" decoding=\"async\" width=\"540\" height=\"539\" src=\"https:\/\/mazzarese.fr\/wp-content\/uploads\/2021\/01\/PNG-accueil.png\" class=\"attachment-large size-large\" alt=\"\" srcset=\"https:\/\/mazzarese.fr\/wp-content\/uploads\/2021\/01\/PNG-accueil.png 540w, https:\/\/mazzarese.fr\/wp-content\/uploads\/2021\/01\/PNG-accueil-150x150.png 150w, https:\/\/mazzarese.fr\/wp-content\/uploads\/2021\/01\/PNG-accueil-300x300.png 300w, https:\/\/mazzarese.fr\/wp-content\/uploads\/2021\/01\/PNG-accueil-350x350.png 350w\" sizes=\"auto, (max-width: 540px) 100vw, 540px\" \/><\/div><\/div><\/div><\/div><\/div><\/div><\/section><section class=\"l-section wpb_row height_small color_primary\"><div class=\"l-section-h i-cf\"><div class=\"g-cols offset_small\"><div class=\"vc_col-sm-12 wpb_column vc_column_container\"><div class=\"vc_column-inner\"><div class=\"w-btn-wrapper align_center\"><a class=\"w-btn style_outlined color_white icon_none\" href=\"https:\/\/mazzarese.fr\/wp-content\/uploads\/2021\/02\/BOOK-MAZZARESE.pdf\" style=\"font-size: 20px;\"><span class=\"w-btn-label\">BOOK<\/span><\/a><\/div><\/div><\/div><\/div><\/div><\/section>\n","protected":false},"excerpt":{"rendered":"[rev_slider_vc alias=\"home11\"] 0 Ann\u00e9es d'exp\u00e9riences 0 Litres de caf\u00e9 0 Clients 0 Projets MAZZARESE ARCHITECTES...","protected":false},"author":1,"featured_media":0,"parent":0,"menu_order":0,"comment_status":"closed","ping_status":"closed","template":"","meta":{"footnotes":""},"class_list":["post-8","page","type-page","status-publish","hentry"],"_links":{"self":[{"href":"https:\/\/mazzarese.fr\/index.php\/wp-json\/wp\/v2\/pages\/8","targetHints":{"allow":["GET"]}}],"collection":[{"href":"https:\/\/mazzarese.fr\/index.php\/wp-json\/wp\/v2\/pages"}],"about":[{"href":"https:\/\/mazzarese.fr\/index.php\/wp-json\/wp\/v2\/types\/page"}],"author":[{"embeddable":true,"href":"https:\/\/mazzarese.fr\/index.php\/wp-json\/wp\/v2\/users\/1"}],"replies":[{"embeddable":true,"href":"https:\/\/mazzarese.fr\/index.php\/wp-json\/wp\/v2\/comments?post=8"}],"version-history":[{"count":0,"href":"https:\/\/mazzarese.fr\/index.php\/wp-json\/wp\/v2\/pages\/8\/revisions"}],"wp:attachment":[{"href":"https:\/\/mazzarese.fr\/index.php\/wp-json\/wp\/v2\/media?parent=8"}],"curies":[{"name":"wp","href":"https:\/\/api.w.org\/{rel}","templated":true}]}}